{"id":9800,"date":"2022-03-12T02:27:14","date_gmt":"2022-03-12T02:27:14","guid":{"rendered":"https:\/\/stonersmeds.com\/?post_type=product&#038;p=9800"},"modified":"2026-02-21T03:50:06","modified_gmt":"2026-02-21T01:50:06","slug":"buy-codeine-sulfate-30mg-online","status":"publish","type":"product","link":"https:\/\/stonersmeds.com\/sk\/shop\/buy-codeine-sulfate-30mg-online\/","title":{"rendered":"K\u00fapte si kode\u00edn sulf\u00e1t 30 mg online"},"content":{"rendered":"<h1>K\u00fapte si kode\u00edn sulf\u00e1t 30 mg online<\/h1>\n<p>Kode\u00edn je opioidn\u00fd liek proti bolesti, niekedy naz\u00fdvan\u00fd aj narkotikum.<\/p>\n<p>Kode\u00edn sa pou\u017e\u00edva na lie\u010dbu miernej a\u017e stredne silnej bolesti.<\/p>\n<p>Kode\u00edn sa m\u00f4\u017ee pou\u017ei\u0165 aj na \u00fa\u010dely, ktor\u00e9 nie s\u00fa uveden\u00e9 v tomto sprievodcovi liekov.<\/p>\n<div><\/div>\n<div><\/div>\n<div><\/div>\n<div><\/div>\n<pre><strong>K\u00fapi\u0165 kode\u00edn sulf\u00e1t 30 mg online \u2013 k\u00fapi\u0165 kode\u00edn , k\u00fapi\u0165 sulf\u00e1t kode\u00ednu 30 mg , k\u00fapi\u0165 sulf\u00e1t kode\u00ednu online, Kde k\u00fapi\u0165 sulf\u00e1t kode\u00ednu 30 mg , sulf\u00e1t kode\u00ednu 30 mg na predaj, sulf\u00e1t kode\u00ednu na predaj, k\u00fapi\u0165 kode\u00edn online, kde k\u00fapi\u0165 sulf\u00e1t kode\u00ednu 30 mg online, kode\u00edn Sulf\u00e1t 30 mg na predaj v USA, USA, Kanade, Ve\u013ekej Brit\u00e1nii, k\u00fapi\u0165, online, dod\u00e1vatelia, bezpe\u010dn\u00e9 doru\u010denie, St\u00e1le m\u00f4\u017eete z\u00edska\u0165 sulf\u00e1t kode\u00ednu 30 mg, je sulf\u00e1t kode\u00ednu 30 mg leg\u00e1lny v USA, k\u00fapi\u0165 sulf\u00e1t kode\u00ednu 30 mg online v USA, ako objedna\u0165 sulf\u00e1t kode\u00ednu 30 mg je v Kanade leg\u00e1lny kode\u00edn sulf\u00e1t 30 mg<\/strong><\/pre>","protected":false},"excerpt":{"rendered":"<p>vo\u013enopredajn\u00e9 tabletky na spanie K dispoz\u00edcii na predaj. m\u00e1me tu kode\u00edn, ktor\u00fd sa pou\u017e\u00edva na lie\u010dbu alebo predch\u00e1dzanie stredne z\u00e1va\u017en\u00fdm a\u017e z\u00e1va\u017en\u00fdm tr\u00e1peniam. M\u00f4\u017ee sa dodato\u010dne pou\u017ei\u0165 na lie\u010dbu r\u00f4znych stavov. Kode\u00edn si m\u00f4\u017eete k\u00fapi\u0165 online ve\u013emi lacno bez lek\u00e1rskeho predpisu.<\/p>\n<p>&nbsp;<\/p>\n<pre><strong>K\u00fapi\u0165 kode\u00edn sulf\u00e1t 30 mg online \u2013 k\u00fapi\u0165 kode\u00edn , k\u00fapi\u0165 sulf\u00e1t kode\u00ednu 30 mg , k\u00fapi\u0165 sulf\u00e1t kode\u00ednu online, Kde k\u00fapi\u0165 sulf\u00e1t kode\u00ednu 30 mg , sulf\u00e1t kode\u00ednu 30 mg na predaj, sulf\u00e1t kode\u00ednu na predaj, k\u00fapi\u0165 kode\u00edn online, kde k\u00fapi\u0165 sulf\u00e1t kode\u00ednu 30 mg online, kode\u00edn Sulf\u00e1t 30 mg na predaj v USA, USA, Kanade, Ve\u013ekej Brit\u00e1nii, k\u00fapi\u0165, online, dod\u00e1vatelia, bezpe\u010dn\u00e9 doru\u010denie, St\u00e1le m\u00f4\u017eete z\u00edska\u0165 sulf\u00e1t kode\u00ednu 30 mg, je sulf\u00e1t kode\u00ednu 30 mg leg\u00e1lny v USA, k\u00fapi\u0165 sulf\u00e1t kode\u00ednu 30 mg online v USA, ako objedna\u0165 sulf\u00e1t kode\u00ednu 30 mg je v Kanade leg\u00e1lny kode\u00edn sulf\u00e1t 30 mg<\/strong><\/pre>","protected":false},"featured_media":9804,"comment_status":"open","ping_status":"closed","template":"","meta":{"_bst_post_transparent":"","_bst_post_title":"","_bst_post_layout":"","_bst_post_sidebar_id":"","_bst_post_content_style":"","_bst_post_vertical_padding":"","_bst_post_feature":"","_bst_post_feature_position":"","_bst_post_header":false,"_bst_post_footer":false},"product_brand":[],"product_cat":[769,77],"product_tag":[],"product_brands":[],"class_list":{"0":"post-9800","1":"product","2":"type-product","3":"status-publish","4":"has-post-thumbnail","6":"product_cat-pain-pills","7":"product_cat-pain-sleeping-sex-pills","9":"first","10":"instock","11":"shipping-taxable","12":"purchasable","13":"product-type-variable","14":"entry","15":"content-bg","16":"loop-entry"},"tiered_pricing_type":"fixed","tiered_pricing_fixed_rules":[],"tiered_pricing_percentage_rules":[],"tiered_pricing_minimum":1,"_administrator_tiered_pricing_type":"fixed","_administrator_tiered_pricing_fixed_rules":[],"_editor_tiered_pricing_type":"fixed","_editor_tiered_pricing_fixed_rules":[],"_author_tiered_pricing_type":"fixed","_author_tiered_pricing_fixed_rules":[],"_contributor_tiered_pricing_type":"fixed","_contributor_tiered_pricing_fixed_rules":[],"_subscriber_tiered_pricing_type":"fixed","_subscriber_tiered_pricing_fixed_rules":[],"_customer_tiered_pricing_type":"fixed","_customer_tiered_pricing_fixed_rules":[],"_shop_manager_tiered_pricing_type":"fixed","_shop_manager_tiered_pricing_fixed_rules":[],"_wpseo_manager_tiered_pricing_type":"fixed","_wpseo_manager_tiered_pricing_fixed_rules":[],"_wpseo_editor_tiered_pricing_type":"fixed","_wpseo_editor_tiered_pricing_fixed_rules":[],"yoast_head":"<!-- This site is optimized with the Yoast SEO plugin v27.2 - https:\/\/yoast.com\/product\/yoast-seo-wordpress\/ -->\n<title>Buy Codeine Sulfate 30mg online - Fast and safe delivery worldwide<\/title>\n<meta name=\"description\" content=\"Buy Codeine Sulfate 30mg, Order safely &amp; maintain your privacy No prescription necessary Discreet standard shipping at Low prices.\" \/>\n<meta name=\"robots\" content=\"index, follow, max-snippet:-1, max-image-preview:large, max-video-preview:-1\" \/>\n<link rel=\"canonical\" href=\"https:\/\/stonersmeds.com\/sk\/shop\/buy-codeine-sulfate-30mg-online\/\" \/>\n<meta property=\"og:locale\" content=\"sk_SK\" \/>\n<meta property=\"og:type\" content=\"article\" \/>\n<meta property=\"og:title\" content=\"Buy Codeine Sulfate 30mg online - Fast and safe delivery worldwide\" \/>\n<meta property=\"og:description\" content=\"Buy Codeine Sulfate 30mg, Order safely &amp; maintain your privacy No prescription necessary Discreet standard shipping at Low prices.\" \/>\n<meta property=\"og:url\" content=\"https:\/\/stonersmeds.com\/sk\/shop\/buy-codeine-sulfate-30mg-online\/\" \/>\n<meta property=\"og:site_name\" content=\"stonersmeds.com\" \/>\n<meta property=\"article:modified_time\" content=\"2026-02-21T01:50:06+00:00\" \/>\n<meta property=\"og:image\" content=\"https:\/\/stonersmeds.com\/wp-content\/uploads\/2022\/03\/buy-codeine-sulfate-30mg-online.jpg\" \/>\n\t<meta property=\"og:image:width\" content=\"600\" \/>\n\t<meta property=\"og:image:height\" content=\"600\" \/>\n\t<meta property=\"og:image:type\" content=\"image\/jpeg\" \/>\n<meta name=\"twitter:card\" content=\"summary_large_image\" \/>\n<meta name=\"twitter:label1\" content=\"Dostupnos\u0165\" \/>\n\t<meta name=\"twitter:data1\" content=\"Na sklade\" \/>\n<script type=\"application\/ld+json\" class=\"yoast-schema-graph\">{\"@context\":\"https:\/\/schema.org\",\"@graph\":[{\"@type\":\"WebPage\",\"@id\":\"https:\/\/stonersmeds.com\/sk\/shop\/buy-codeine-sulfate-30mg-online\/\",\"url\":\"https:\/\/stonersmeds.com\/sk\/shop\/buy-codeine-sulfate-30mg-online\/\",\"name\":\"Buy Codeine Sulfate 30mg online - Fast and safe delivery worldwide\",\"isPartOf\":{\"@id\":\"https:\/\/stonersmeds.com\/#website\"},\"primaryImageOfPage\":{\"@id\":\"https:\/\/stonersmeds.com\/sk\/shop\/buy-codeine-sulfate-30mg-online\/#primaryimage\"},\"image\":{\"@id\":\"https:\/\/stonersmeds.com\/sk\/shop\/buy-codeine-sulfate-30mg-online\/#primaryimage\"},\"thumbnailUrl\":\"https:\/\/stonersmeds.com\/wp-content\/uploads\/2022\/03\/buy-codeine-sulfate-30mg-online.jpg\",\"datePublished\":\"2022-03-12T02:27:14+00:00\",\"dateModified\":\"2026-02-21T01:50:06+00:00\",\"description\":\"Buy Codeine Sulfate 30mg, Order safely & maintain your privacy No prescription necessary Discreet standard shipping at Low prices.\",\"breadcrumb\":{\"@id\":\"https:\/\/stonersmeds.com\/sk\/shop\/buy-codeine-sulfate-30mg-online\/#breadcrumb\"},\"inLanguage\":\"sk-SK\",\"potentialAction\":[{\"@type\":\"ReadAction\",\"target\":[\"https:\/\/stonersmeds.com\/sk\/shop\/buy-codeine-sulfate-30mg-online\/\"]}]},{\"@type\":\"ImageObject\",\"inLanguage\":\"sk-SK\",\"@id\":\"https:\/\/stonersmeds.com\/sk\/shop\/buy-codeine-sulfate-30mg-online\/#primaryimage\",\"url\":\"https:\/\/stonersmeds.com\/wp-content\/uploads\/2022\/03\/buy-codeine-sulfate-30mg-online.jpg\",\"contentUrl\":\"https:\/\/stonersmeds.com\/wp-content\/uploads\/2022\/03\/buy-codeine-sulfate-30mg-online.jpg\",\"width\":600,\"height\":600},{\"@type\":\"BreadcrumbList\",\"@id\":\"https:\/\/stonersmeds.com\/sk\/shop\/buy-codeine-sulfate-30mg-online\/#breadcrumb\",\"itemListElement\":[{\"@type\":\"ListItem\",\"position\":1,\"name\":\"Home\",\"item\":\"https:\/\/stonersmeds.com\/\"},{\"@type\":\"ListItem\",\"position\":2,\"name\":\"Shop\",\"item\":\"https:\/\/stonersmeds.com\/shop\/\"},{\"@type\":\"ListItem\",\"position\":3,\"name\":\"Buy Codeine Sulfate 30mg online\"}]},{\"@type\":\"WebSite\",\"@id\":\"https:\/\/stonersmeds.com\/#website\",\"url\":\"https:\/\/stonersmeds.com\/\",\"name\":\"stonersmeds.com\",\"description\":\"verschreibungspflichtige Medizin kaufen\",\"publisher\":{\"@id\":\"https:\/\/stonersmeds.com\/#organization\"},\"alternateName\":\"Research chemical shop\",\"potentialAction\":[{\"@type\":\"SearchAction\",\"target\":{\"@type\":\"EntryPoint\",\"urlTemplate\":\"https:\/\/stonersmeds.com\/?s={search_term_string}\"},\"query-input\":{\"@type\":\"PropertyValueSpecification\",\"valueRequired\":true,\"valueName\":\"search_term_string\"}}],\"inLanguage\":\"sk-SK\"},{\"@type\":\"Organization\",\"@id\":\"https:\/\/stonersmeds.com\/#organization\",\"name\":\"Stonersmeds Shop\",\"url\":\"https:\/\/stonersmeds.com\/\",\"logo\":{\"@type\":\"ImageObject\",\"inLanguage\":\"sk-SK\",\"@id\":\"https:\/\/stonersmeds.com\/#\/schema\/logo\/image\/\",\"url\":\"https:\/\/stonersmeds.com\/wp-content\/uploads\/2026\/02\/high-purity-DMT-powder.jpg\",\"contentUrl\":\"https:\/\/stonersmeds.com\/wp-content\/uploads\/2026\/02\/high-purity-DMT-powder.jpg\",\"width\":500,\"height\":500,\"caption\":\"Stonersmeds Shop\"},\"image\":{\"@id\":\"https:\/\/stonersmeds.com\/#\/schema\/logo\/image\/\"}}]}<\/script>\n<meta property=\"og:availability\" content=\"instock\" \/>\n<meta property=\"product:availability\" content=\"instock\" \/>\n<meta property=\"product:condition\" content=\"new\" \/>\n<!-- \/ Yoast SEO plugin. -->","yoast_head_json":{"title":"K\u00fapte si kode\u00edn sulf\u00e1t 30 mg online \u2013 r\u00fdchle a bezpe\u010dn\u00e9 doru\u010denie do cel\u00e9ho sveta","description":"K\u00fapte si kode\u00edn sulf\u00e1t 30 mg, objednajte si bezpe\u010dne a zachovajte si s\u00fakromie Nie je potrebn\u00fd \u017eiadny predpis Diskr\u00e9tna \u0161tandardn\u00e1 doprava za n\u00edzke ceny.","robots":{"index":"index","follow":"follow","max-snippet":"max-snippet:-1","max-image-preview":"max-image-preview:large","max-video-preview":"max-video-preview:-1"},"canonical":"https:\/\/stonersmeds.com\/sk\/shop\/buy-codeine-sulfate-30mg-online\/","og_locale":"sk_SK","og_type":"article","og_title":"Buy Codeine Sulfate 30mg online - Fast and safe delivery worldwide","og_description":"Buy Codeine Sulfate 30mg, Order safely & maintain your privacy No prescription necessary Discreet standard shipping at Low prices.","og_url":"https:\/\/stonersmeds.com\/sk\/shop\/buy-codeine-sulfate-30mg-online\/","og_site_name":"stonersmeds.com","article_modified_time":"2026-02-21T01:50:06+00:00","og_image":[{"width":600,"height":600,"url":"https:\/\/stonersmeds.com\/wp-content\/uploads\/2022\/03\/buy-codeine-sulfate-30mg-online.jpg","type":"image\/jpeg"}],"twitter_card":"summary_large_image","twitter_misc":{"Dostupnos\u0165":"Na sklade"},"schema":{"@context":"https:\/\/schema.org","@graph":[{"@type":"WebPage","@id":"https:\/\/stonersmeds.com\/sk\/shop\/buy-codeine-sulfate-30mg-online\/","url":"https:\/\/stonersmeds.com\/sk\/shop\/buy-codeine-sulfate-30mg-online\/","name":"K\u00fapte si kode\u00edn sulf\u00e1t 30 mg online \u2013 r\u00fdchle a bezpe\u010dn\u00e9 doru\u010denie do cel\u00e9ho sveta","isPartOf":{"@id":"https:\/\/stonersmeds.com\/#website"},"primaryImageOfPage":{"@id":"https:\/\/stonersmeds.com\/sk\/shop\/buy-codeine-sulfate-30mg-online\/#primaryimage"},"image":{"@id":"https:\/\/stonersmeds.com\/sk\/shop\/buy-codeine-sulfate-30mg-online\/#primaryimage"},"thumbnailUrl":"https:\/\/stonersmeds.com\/wp-content\/uploads\/2022\/03\/buy-codeine-sulfate-30mg-online.jpg","datePublished":"2022-03-12T02:27:14+00:00","dateModified":"2026-02-21T01:50:06+00:00","description":"K\u00fapte si kode\u00edn sulf\u00e1t 30 mg, objednajte si bezpe\u010dne a zachovajte si s\u00fakromie Nie je potrebn\u00fd \u017eiadny predpis Diskr\u00e9tna \u0161tandardn\u00e1 doprava za n\u00edzke ceny.","breadcrumb":{"@id":"https:\/\/stonersmeds.com\/sk\/shop\/buy-codeine-sulfate-30mg-online\/#breadcrumb"},"inLanguage":"sk-SK","potentialAction":[{"@type":"ReadAction","target":["https:\/\/stonersmeds.com\/sk\/shop\/buy-codeine-sulfate-30mg-online\/"]}]},{"@type":"ImageObject","inLanguage":"sk-SK","@id":"https:\/\/stonersmeds.com\/sk\/shop\/buy-codeine-sulfate-30mg-online\/#primaryimage","url":"https:\/\/stonersmeds.com\/wp-content\/uploads\/2022\/03\/buy-codeine-sulfate-30mg-online.jpg","contentUrl":"https:\/\/stonersmeds.com\/wp-content\/uploads\/2022\/03\/buy-codeine-sulfate-30mg-online.jpg","width":600,"height":600},{"@type":"BreadcrumbList","@id":"https:\/\/stonersmeds.com\/sk\/shop\/buy-codeine-sulfate-30mg-online\/#breadcrumb","itemListElement":[{"@type":"ListItem","position":1,"name":"Home","item":"https:\/\/stonersmeds.com\/"},{"@type":"ListItem","position":2,"name":"Shop","item":"https:\/\/stonersmeds.com\/shop\/"},{"@type":"ListItem","position":3,"name":"Buy Codeine Sulfate 30mg online"}]},{"@type":"WebSite","@id":"https:\/\/stonersmeds.com\/#website","url":"https:\/\/stonersmeds.com\/","name":"stonersmeds.com","description":"verschreibungspflichtige Medizin kaufen","publisher":{"@id":"https:\/\/stonersmeds.com\/#organization"},"alternateName":"Research chemical shop","potentialAction":[{"@type":"SearchAction","target":{"@type":"EntryPoint","urlTemplate":"https:\/\/stonersmeds.com\/?s={search_term_string}"},"query-input":{"@type":"PropertyValueSpecification","valueRequired":true,"valueName":"search_term_string"}}],"inLanguage":"sk-SK"},{"@type":"Organization","@id":"https:\/\/stonersmeds.com\/#organization","name":"Stonersmeds Shop","url":"https:\/\/stonersmeds.com\/","logo":{"@type":"ImageObject","inLanguage":"sk-SK","@id":"https:\/\/stonersmeds.com\/#\/schema\/logo\/image\/","url":"https:\/\/stonersmeds.com\/wp-content\/uploads\/2026\/02\/high-purity-DMT-powder.jpg","contentUrl":"https:\/\/stonersmeds.com\/wp-content\/uploads\/2026\/02\/high-purity-DMT-powder.jpg","width":500,"height":500,"caption":"Stonersmeds Shop"},"image":{"@id":"https:\/\/stonersmeds.com\/#\/schema\/logo\/image\/"}}]},"og_availability":"instock","product_availability":"instock","product_condition":"new"},"_links":{"self":[{"href":"https:\/\/stonersmeds.com\/sk\/wp-json\/wp\/v2\/product\/9800","targetHints":{"allow":["GET"]}}],"collection":[{"href":"https:\/\/stonersmeds.com\/sk\/wp-json\/wp\/v2\/product"}],"about":[{"href":"https:\/\/stonersmeds.com\/sk\/wp-json\/wp\/v2\/types\/product"}],"replies":[{"embeddable":true,"href":"https:\/\/stonersmeds.com\/sk\/wp-json\/wp\/v2\/comments?post=9800"}],"version-history":[{"count":0,"href":"https:\/\/stonersmeds.com\/sk\/wp-json\/wp\/v2\/product\/9800\/revisions"}],"wp:featuredmedia":[{"embeddable":true,"href":"https:\/\/stonersmeds.com\/sk\/wp-json\/wp\/v2\/media\/9804"}],"wp:attachment":[{"href":"https:\/\/stonersmeds.com\/sk\/wp-json\/wp\/v2\/media?parent=9800"}],"wp:term":[{"taxonomy":"product_brand","embeddable":true,"href":"https:\/\/stonersmeds.com\/sk\/wp-json\/wp\/v2\/product_brand?post=9800"},{"taxonomy":"product_cat","embeddable":true,"href":"https:\/\/stonersmeds.com\/sk\/wp-json\/wp\/v2\/product_cat?post=9800"},{"taxonomy":"product_tag","embeddable":true,"href":"https:\/\/stonersmeds.com\/sk\/wp-json\/wp\/v2\/product_tag?post=9800"},{"taxonomy":"product_brands","embeddable":true,"href":"https:\/\/stonersmeds.com\/sk\/wp-json\/wp\/v2\/product_brands?post=9800"}],"curies":[{"name":"wp","href":"https:\/\/api.w.org\/{rel}","templated":true}]}}