{"id":9817,"date":"2022-03-12T02:36:43","date_gmt":"2022-03-12T02:36:43","guid":{"rendered":"https:\/\/stonersmeds.com\/?post_type=product&#038;p=9817"},"modified":"2026-02-25T06:40:39","modified_gmt":"2026-02-25T04:40:39","slug":"buy-dormicum-7-5mg-pills-online","status":"publish","type":"product","link":"https:\/\/stonersmeds.com\/sk\/shop\/buy-dormicum-7-5mg-pills-online\/","title":{"rendered":"K\u00fapte si tabletky Dormicum 7,5 mg online"},"content":{"rendered":"<h1>K\u00fapte si tabletky Dormicum 7,5 mg online.<\/h1>\n<p>Dormicum 7,5 mg si m\u00f4\u017eete k\u00fapi\u0165 online tu, m\u00e1me najkvalitnej\u0161ie tabletky Dormicum 7,5 mg. Tento produkt je ofici\u00e1lne zn\u00e1my ako Dormicum 7,5 mg. Tieto pilulky sa dod\u00e1vaj\u00fa prostredn\u00edctvom slu\u017eby EMS alebo USPS, aby v\u00e1m poskytli dodaciu adresu. V\u0161etky balenia Dormicum 7,5 mg s\u00fa balen\u00e9 na\u0161imi odborn\u00edkmi a balenie je diskr\u00e9tne a bezpe\u010dn\u00e9. Tak\u017ee si m\u00f4\u017eete k\u00fapi\u0165 Dormicum 7,5 mg online bez v\u00e1hania, na\u0161i odborn\u00edci sa o to postaraj\u00fa.<\/p>\n<p>&nbsp;<\/p>\n<p>&nbsp;<\/p>\n<pre><strong>K\u00fapi\u0165 Dormicum 7,5 mg pilulky online - k\u00fapi\u0165 Dormicum , k\u00fapi\u0165 Dormicum 7,5 mg pilulky , k\u00fapi\u0165 Dormicum pilulky online, Kde k\u00fapi\u0165 Dormicum 7,5 mg pilulky na predaj, Dormicum pilulky 7,5 mg na predaj, Dormicum pilulky na predaj, k\u00fapi\u0165 7, k\u00fapi\u0165 Dormic online K\u00fapte si tabletky Dormicum 7,5 mg online, tabletky Dormicum 7,5 mg na predaj v USA, USA, Kanade, Ve\u013ekej Brit\u00e1nii, k\u00fapi\u0165, online, dod\u00e1vatelia, bezpe\u010dn\u00e9 doru\u010denie, st\u00e1le m\u00f4\u017eete z\u00edska\u0165 tabletky Dormicum 7,5 mg, s\u00fa tabletky Dormicum 7,5 mg leg\u00e1lne v USA, k\u00fapi\u0165 Dormicum 7,5 mg pilulky online v USA, ako si objedna\u0165 Dormicum 7,5 mg pilulky, s\u00fa Dormicum 7,5 mg pilulky leg\u00e1lne v Kanade<\/strong><\/pre>","protected":false},"excerpt":{"rendered":"<p>N\u00e1zov zna\u010dky: Dormicum<\/p>\n<p>Generick\u00fd n\u00e1zov: Midazolam<\/p>\n<p>Sila: 7,5 mg<\/p>\n<p>Forma produktu: Tablety\/pilulky<\/p>\n<p>Podrobnosti o balen\u00ed: Blistre<\/p>\n<p>V\u00fdrobca: Roche<\/p>\n<p>cena produktu je: za tabletku<br \/>\n<strong>Minim\u00e1lne mno\u017estvo na objedn\u00e1vku je: 50 tabliet<\/strong><\/p>\n<pre><strong>K\u00fapi\u0165 Dormicum 7,5 mg pilulky online - k\u00fapi\u0165 Dormicum , k\u00fapi\u0165 Dormicum 7,5 mg pilulky , k\u00fapi\u0165 Dormicum pilulky online, Kde k\u00fapi\u0165 Dormicum 7,5 mg pilulky na predaj, Dormicum pilulky 7,5 mg na predaj, Dormicum pilulky na predaj, k\u00fapi\u0165 7, k\u00fapi\u0165 Dormic online K\u00fapte si tabletky Dormicum 7,5 mg online, tabletky Dormicum 7,5 mg na predaj v USA, USA, Kanade, Ve\u013ekej Brit\u00e1nii, k\u00fapi\u0165, online, dod\u00e1vatelia, bezpe\u010dn\u00e9 doru\u010denie, st\u00e1le m\u00f4\u017eete z\u00edska\u0165 tabletky Dormicum 7,5 mg, s\u00fa tabletky Dormicum 7,5 mg leg\u00e1lne v USA, k\u00fapi\u0165 Dormicum 7,5 mg pilulky online v USA, ako si objedna\u0165 Dormicum 7,5 mg pilulky, s\u00fa Dormicum 7,5 mg pilulky leg\u00e1lne v Kanade<\/strong><\/pre>","protected":false},"featured_media":9826,"comment_status":"open","ping_status":"closed","template":"","meta":{"_bst_post_transparent":"","_bst_post_title":"","_bst_post_layout":"","_bst_post_sidebar_id":"","_bst_post_content_style":"","_bst_post_vertical_padding":"","_bst_post_feature":"","_bst_post_feature_position":"","_bst_post_header":false,"_bst_post_footer":false},"product_brand":[],"product_cat":[769,77],"product_tag":[1251,732,737,742,1253,733,1252,727,730,725,726,728,735,739,729,736,731,743,744,741,734,738,740],"product_brands":[],"class_list":{"0":"post-9817","1":"product","2":"type-product","3":"status-publish","4":"has-post-thumbnail","6":"product_cat-pain-pills","7":"product_cat-pain-sleeping-sex-pills","8":"product_tag-buy-dormicum","9":"product_tag-buy-dormicum-7-5mg-pills","10":"product_tag-buy-dormicum-7-5mg-pills-online","11":"product_tag-buy-dormicum-7-5mg-pills-online-usa","12":"product_tag-buy-dormicum-malaysia","13":"product_tag-buy-dormicum-pills-online","14":"product_tag-buy-midazolam","15":"product_tag-dormicum-15mg","16":"product_tag-dormicum-7-5-mg-side-effects","17":"product_tag-dormicum-7-5mg-price","18":"product_tag-dormicum-7-5mg-tablet","19":"product_tag-dormicum-7-5mg-uses","20":"product_tag-dormicum-7-5mg-pills-for-sale","21":"product_tag-dormicum-7-5mg-pills-for-sale-in-usa","22":"product_tag-dormicum-dosage-tablet","23":"product_tag-dormicum-pills-for-sale","24":"product_tag-dormicum-tablet","25":"product_tag-how-to-order-dormicum-7-5mg-pills","26":"product_tag-is-dormicum-7-5mg-pills-legal-in-canada","27":"product_tag-is-dormicum-7-5mg-pills-legal-in-usa","28":"product_tag-where-to-buy-dormicum-7-5mg-pills","29":"product_tag-where-to-buy-dormicum-7-5mg-pills-online","30":"product_tag-you-can-still-get-dormicum-7-5mg-pills","32":"first","33":"instock","34":"shipping-taxable","35":"purchasable","36":"product-type-variable","37":"entry","38":"content-bg","39":"loop-entry"},"tiered_pricing_type":"fixed","tiered_pricing_fixed_rules":[],"tiered_pricing_percentage_rules":[],"tiered_pricing_minimum":1,"_administrator_tiered_pricing_type":"fixed","_administrator_tiered_pricing_fixed_rules":[],"_editor_tiered_pricing_type":"fixed","_editor_tiered_pricing_fixed_rules":[],"_author_tiered_pricing_type":"fixed","_author_tiered_pricing_fixed_rules":[],"_contributor_tiered_pricing_type":"fixed","_contributor_tiered_pricing_fixed_rules":[],"_subscriber_tiered_pricing_type":"fixed","_subscriber_tiered_pricing_fixed_rules":[],"_customer_tiered_pricing_type":"fixed","_customer_tiered_pricing_fixed_rules":[],"_shop_manager_tiered_pricing_type":"fixed","_shop_manager_tiered_pricing_fixed_rules":[],"_wpseo_manager_tiered_pricing_type":"fixed","_wpseo_manager_tiered_pricing_fixed_rules":[],"_wpseo_editor_tiered_pricing_type":"fixed","_wpseo_editor_tiered_pricing_fixed_rules":[],"yoast_head":"<!-- This site is optimized with the Yoast SEO plugin v27.2 - https:\/\/yoast.com\/product\/yoast-seo-wordpress\/ -->\n<title>Buy Dormicum 7.5mg pills online - Fast and safe delivery worldwide<\/title>\n<meta name=\"description\" content=\"Buy Dormicum 7.5mg, Order safely &amp; maintain your privacy No prescription necessary Discreet standard shipping at Low prices.\" \/>\n<meta name=\"robots\" content=\"index, follow, max-snippet:-1, max-image-preview:large, max-video-preview:-1\" \/>\n<link rel=\"canonical\" href=\"https:\/\/stonersmeds.com\/sk\/shop\/buy-dormicum-7-5mg-pills-online\/\" \/>\n<meta property=\"og:locale\" content=\"sk_SK\" \/>\n<meta property=\"og:type\" content=\"article\" \/>\n<meta property=\"og:title\" content=\"Buy Dormicum 7.5mg pills online - Fast and safe delivery worldwide\" \/>\n<meta property=\"og:description\" content=\"Buy Dormicum 7.5mg, Order safely &amp; maintain your privacy No prescription necessary Discreet standard shipping at Low prices.\" \/>\n<meta property=\"og:url\" content=\"https:\/\/stonersmeds.com\/sk\/shop\/buy-dormicum-7-5mg-pills-online\/\" \/>\n<meta property=\"og:site_name\" content=\"stonersmeds.com\" \/>\n<meta property=\"article:modified_time\" content=\"2026-02-25T04:40:39+00:00\" \/>\n<meta property=\"og:image\" content=\"https:\/\/stonersmeds.com\/wp-content\/uploads\/2022\/03\/buy-dormicum-7-5mg-pills-online.jpg\" \/>\n\t<meta property=\"og:image:width\" content=\"600\" \/>\n\t<meta property=\"og:image:height\" content=\"600\" \/>\n\t<meta property=\"og:image:type\" content=\"image\/jpeg\" \/>\n<meta name=\"twitter:card\" content=\"summary_large_image\" \/>\n<meta name=\"twitter:label1\" content=\"Dostupnos\u0165\" \/>\n\t<meta name=\"twitter:data1\" content=\"Na sklade\" \/>\n<script type=\"application\/ld+json\" class=\"yoast-schema-graph\">{\"@context\":\"https:\/\/schema.org\",\"@graph\":[{\"@type\":\"WebPage\",\"@id\":\"https:\/\/stonersmeds.com\/sk\/shop\/buy-dormicum-7-5mg-pills-online\/\",\"url\":\"https:\/\/stonersmeds.com\/sk\/shop\/buy-dormicum-7-5mg-pills-online\/\",\"name\":\"Buy Dormicum 7.5mg pills online - Fast and safe delivery worldwide\",\"isPartOf\":{\"@id\":\"https:\/\/stonersmeds.com\/#website\"},\"primaryImageOfPage\":{\"@id\":\"https:\/\/stonersmeds.com\/sk\/shop\/buy-dormicum-7-5mg-pills-online\/#primaryimage\"},\"image\":{\"@id\":\"https:\/\/stonersmeds.com\/sk\/shop\/buy-dormicum-7-5mg-pills-online\/#primaryimage\"},\"thumbnailUrl\":\"https:\/\/stonersmeds.com\/wp-content\/uploads\/2022\/03\/buy-dormicum-7-5mg-pills-online.jpg\",\"datePublished\":\"2022-03-12T02:36:43+00:00\",\"dateModified\":\"2026-02-25T04:40:39+00:00\",\"description\":\"Buy Dormicum 7.5mg, Order safely & maintain your privacy No prescription necessary Discreet standard shipping at Low prices.\",\"breadcrumb\":{\"@id\":\"https:\/\/stonersmeds.com\/sk\/shop\/buy-dormicum-7-5mg-pills-online\/#breadcrumb\"},\"inLanguage\":\"sk-SK\",\"potentialAction\":[{\"@type\":\"ReadAction\",\"target\":[\"https:\/\/stonersmeds.com\/sk\/shop\/buy-dormicum-7-5mg-pills-online\/\"]}]},{\"@type\":\"ImageObject\",\"inLanguage\":\"sk-SK\",\"@id\":\"https:\/\/stonersmeds.com\/sk\/shop\/buy-dormicum-7-5mg-pills-online\/#primaryimage\",\"url\":\"https:\/\/stonersmeds.com\/wp-content\/uploads\/2022\/03\/buy-dormicum-7-5mg-pills-online.jpg\",\"contentUrl\":\"https:\/\/stonersmeds.com\/wp-content\/uploads\/2022\/03\/buy-dormicum-7-5mg-pills-online.jpg\",\"width\":600,\"height\":600},{\"@type\":\"BreadcrumbList\",\"@id\":\"https:\/\/stonersmeds.com\/sk\/shop\/buy-dormicum-7-5mg-pills-online\/#breadcrumb\",\"itemListElement\":[{\"@type\":\"ListItem\",\"position\":1,\"name\":\"Home\",\"item\":\"https:\/\/stonersmeds.com\/\"},{\"@type\":\"ListItem\",\"position\":2,\"name\":\"Shop\",\"item\":\"https:\/\/stonersmeds.com\/shop\/\"},{\"@type\":\"ListItem\",\"position\":3,\"name\":\"Buy Dormicum 7.5mg pills online\"}]},{\"@type\":\"WebSite\",\"@id\":\"https:\/\/stonersmeds.com\/#website\",\"url\":\"https:\/\/stonersmeds.com\/\",\"name\":\"stonersmeds.com\",\"description\":\"verschreibungspflichtige Medizin kaufen\",\"publisher\":{\"@id\":\"https:\/\/stonersmeds.com\/#organization\"},\"alternateName\":\"Research chemical shop\",\"potentialAction\":[{\"@type\":\"SearchAction\",\"target\":{\"@type\":\"EntryPoint\",\"urlTemplate\":\"https:\/\/stonersmeds.com\/?s={search_term_string}\"},\"query-input\":{\"@type\":\"PropertyValueSpecification\",\"valueRequired\":true,\"valueName\":\"search_term_string\"}}],\"inLanguage\":\"sk-SK\"},{\"@type\":\"Organization\",\"@id\":\"https:\/\/stonersmeds.com\/#organization\",\"name\":\"Stonersmeds Shop\",\"url\":\"https:\/\/stonersmeds.com\/\",\"logo\":{\"@type\":\"ImageObject\",\"inLanguage\":\"sk-SK\",\"@id\":\"https:\/\/stonersmeds.com\/#\/schema\/logo\/image\/\",\"url\":\"https:\/\/stonersmeds.com\/wp-content\/uploads\/2026\/02\/high-purity-DMT-powder.jpg\",\"contentUrl\":\"https:\/\/stonersmeds.com\/wp-content\/uploads\/2026\/02\/high-purity-DMT-powder.jpg\",\"width\":500,\"height\":500,\"caption\":\"Stonersmeds Shop\"},\"image\":{\"@id\":\"https:\/\/stonersmeds.com\/#\/schema\/logo\/image\/\"}}]}<\/script>\n<meta property=\"og:availability\" content=\"instock\" \/>\n<meta property=\"product:availability\" content=\"instock\" \/>\n<meta property=\"product:condition\" content=\"new\" \/>\n<!-- \/ Yoast SEO plugin. -->","yoast_head_json":{"title":"K\u00fapte si tabletky Dormicum 7,5 mg online \u2013 r\u00fdchle a bezpe\u010dn\u00e9 doru\u010denie do cel\u00e9ho sveta","description":"K\u00fapte si Dormicum 7,5 mg, objednajte si bezpe\u010dne a zachovajte si s\u00fakromie Bez lek\u00e1rskeho predpisu Diskr\u00e9tna \u0161tandardn\u00e1 doprava za n\u00edzke ceny.","robots":{"index":"index","follow":"follow","max-snippet":"max-snippet:-1","max-image-preview":"max-image-preview:large","max-video-preview":"max-video-preview:-1"},"canonical":"https:\/\/stonersmeds.com\/sk\/shop\/buy-dormicum-7-5mg-pills-online\/","og_locale":"sk_SK","og_type":"article","og_title":"Buy Dormicum 7.5mg pills online - Fast and safe delivery worldwide","og_description":"Buy Dormicum 7.5mg, Order safely & maintain your privacy No prescription necessary Discreet standard shipping at Low prices.","og_url":"https:\/\/stonersmeds.com\/sk\/shop\/buy-dormicum-7-5mg-pills-online\/","og_site_name":"stonersmeds.com","article_modified_time":"2026-02-25T04:40:39+00:00","og_image":[{"width":600,"height":600,"url":"https:\/\/stonersmeds.com\/wp-content\/uploads\/2022\/03\/buy-dormicum-7-5mg-pills-online.jpg","type":"image\/jpeg"}],"twitter_card":"summary_large_image","twitter_misc":{"Dostupnos\u0165":"Na sklade"},"schema":{"@context":"https:\/\/schema.org","@graph":[{"@type":"WebPage","@id":"https:\/\/stonersmeds.com\/sk\/shop\/buy-dormicum-7-5mg-pills-online\/","url":"https:\/\/stonersmeds.com\/sk\/shop\/buy-dormicum-7-5mg-pills-online\/","name":"K\u00fapte si tabletky Dormicum 7,5 mg online \u2013 r\u00fdchle a bezpe\u010dn\u00e9 doru\u010denie do cel\u00e9ho sveta","isPartOf":{"@id":"https:\/\/stonersmeds.com\/#website"},"primaryImageOfPage":{"@id":"https:\/\/stonersmeds.com\/sk\/shop\/buy-dormicum-7-5mg-pills-online\/#primaryimage"},"image":{"@id":"https:\/\/stonersmeds.com\/sk\/shop\/buy-dormicum-7-5mg-pills-online\/#primaryimage"},"thumbnailUrl":"https:\/\/stonersmeds.com\/wp-content\/uploads\/2022\/03\/buy-dormicum-7-5mg-pills-online.jpg","datePublished":"2022-03-12T02:36:43+00:00","dateModified":"2026-02-25T04:40:39+00:00","description":"K\u00fapte si Dormicum 7,5 mg, objednajte si bezpe\u010dne a zachovajte si s\u00fakromie Bez lek\u00e1rskeho predpisu Diskr\u00e9tna \u0161tandardn\u00e1 doprava za n\u00edzke ceny.","breadcrumb":{"@id":"https:\/\/stonersmeds.com\/sk\/shop\/buy-dormicum-7-5mg-pills-online\/#breadcrumb"},"inLanguage":"sk-SK","potentialAction":[{"@type":"ReadAction","target":["https:\/\/stonersmeds.com\/sk\/shop\/buy-dormicum-7-5mg-pills-online\/"]}]},{"@type":"ImageObject","inLanguage":"sk-SK","@id":"https:\/\/stonersmeds.com\/sk\/shop\/buy-dormicum-7-5mg-pills-online\/#primaryimage","url":"https:\/\/stonersmeds.com\/wp-content\/uploads\/2022\/03\/buy-dormicum-7-5mg-pills-online.jpg","contentUrl":"https:\/\/stonersmeds.com\/wp-content\/uploads\/2022\/03\/buy-dormicum-7-5mg-pills-online.jpg","width":600,"height":600},{"@type":"BreadcrumbList","@id":"https:\/\/stonersmeds.com\/sk\/shop\/buy-dormicum-7-5mg-pills-online\/#breadcrumb","itemListElement":[{"@type":"ListItem","position":1,"name":"Home","item":"https:\/\/stonersmeds.com\/"},{"@type":"ListItem","position":2,"name":"Shop","item":"https:\/\/stonersmeds.com\/shop\/"},{"@type":"ListItem","position":3,"name":"Buy Dormicum 7.5mg pills online"}]},{"@type":"WebSite","@id":"https:\/\/stonersmeds.com\/#website","url":"https:\/\/stonersmeds.com\/","name":"stonersmeds.com","description":"verschreibungspflichtige Medizin kaufen","publisher":{"@id":"https:\/\/stonersmeds.com\/#organization"},"alternateName":"Research chemical shop","potentialAction":[{"@type":"SearchAction","target":{"@type":"EntryPoint","urlTemplate":"https:\/\/stonersmeds.com\/?s={search_term_string}"},"query-input":{"@type":"PropertyValueSpecification","valueRequired":true,"valueName":"search_term_string"}}],"inLanguage":"sk-SK"},{"@type":"Organization","@id":"https:\/\/stonersmeds.com\/#organization","name":"Stonersmeds Shop","url":"https:\/\/stonersmeds.com\/","logo":{"@type":"ImageObject","inLanguage":"sk-SK","@id":"https:\/\/stonersmeds.com\/#\/schema\/logo\/image\/","url":"https:\/\/stonersmeds.com\/wp-content\/uploads\/2026\/02\/high-purity-DMT-powder.jpg","contentUrl":"https:\/\/stonersmeds.com\/wp-content\/uploads\/2026\/02\/high-purity-DMT-powder.jpg","width":500,"height":500,"caption":"Stonersmeds Shop"},"image":{"@id":"https:\/\/stonersmeds.com\/#\/schema\/logo\/image\/"}}]},"og_availability":"instock","product_availability":"instock","product_condition":"new"},"_links":{"self":[{"href":"https:\/\/stonersmeds.com\/sk\/wp-json\/wp\/v2\/product\/9817","targetHints":{"allow":["GET"]}}],"collection":[{"href":"https:\/\/stonersmeds.com\/sk\/wp-json\/wp\/v2\/product"}],"about":[{"href":"https:\/\/stonersmeds.com\/sk\/wp-json\/wp\/v2\/types\/product"}],"replies":[{"embeddable":true,"href":"https:\/\/stonersmeds.com\/sk\/wp-json\/wp\/v2\/comments?post=9817"}],"version-history":[{"count":0,"href":"https:\/\/stonersmeds.com\/sk\/wp-json\/wp\/v2\/product\/9817\/revisions"}],"wp:featuredmedia":[{"embeddable":true,"href":"https:\/\/stonersmeds.com\/sk\/wp-json\/wp\/v2\/media\/9826"}],"wp:attachment":[{"href":"https:\/\/stonersmeds.com\/sk\/wp-json\/wp\/v2\/media?parent=9817"}],"wp:term":[{"taxonomy":"product_brand","embeddable":true,"href":"https:\/\/stonersmeds.com\/sk\/wp-json\/wp\/v2\/product_brand?post=9817"},{"taxonomy":"product_cat","embeddable":true,"href":"https:\/\/stonersmeds.com\/sk\/wp-json\/wp\/v2\/product_cat?post=9817"},{"taxonomy":"product_tag","embeddable":true,"href":"https:\/\/stonersmeds.com\/sk\/wp-json\/wp\/v2\/product_tag?post=9817"},{"taxonomy":"product_brands","embeddable":true,"href":"https:\/\/stonersmeds.com\/sk\/wp-json\/wp\/v2\/product_brands?post=9817"}],"curies":[{"name":"wp","href":"https:\/\/api.w.org\/{rel}","templated":true}]}}