{"id":9951,"date":"2022-03-12T03:46:31","date_gmt":"2022-03-12T03:46:31","guid":{"rendered":"https:\/\/stonersmeds.com\/?post_type=product&#038;p=9951"},"modified":"2026-03-01T23:40:44","modified_gmt":"2026-03-01T21:40:44","slug":"buy-thca-crystals-top-shelf-2","status":"publish","type":"product","link":"https:\/\/stonersmeds.com\/sk\/shop\/buy-thca-crystals-top-shelf-2\/","title":{"rendered":"K\u00fapte si kry\u0161t\u00e1ly THCA \u2013 horn\u00e1 polica"},"content":{"rendered":"<h1>K\u00fapte si kry\u0161t\u00e1ly THCA \u2013 horn\u00e1 polica<\/h1>\n<p>THCA alebo tetrahydrokanabinolov\u00e1 \u017eieravina je zl\u00fa\u010denina konope, ktor\u00e1 za\u010d\u00edna vykazova\u0165 lie\u010debn\u00fd potenci\u00e1l bez oh\u013eadu na za\u010diatok jej sk\u00famania. O THC ste u\u017e vedeli a nezab\u00fadajte, \u017ee m\u00f4\u017eu znie\u0165 porovnate\u013ene, THCA m\u00e1 \u00faplne in\u00e9 vlastnosti. THCA sa v\u00f4bec nepodob\u00e1 na THC, je to kanabinoid, ktor\u00fd nie je opojn\u00fd a nach\u00e1dza sa v surovom a \u017eivom konope. Pri su\u0161en\u00ed rastliny sa THCA postupne men\u00ed na THC. Teplo u\u013eah\u010duje t\u00fato zmenu v cykle zn\u00e1mom ako dekarboxyl\u00e1cia, \u010do je extravagantn\u00e9 slovo, ktor\u00e9 vystihuje to, \u010do sa deje pri faj\u010den\u00ed alebo rozpade kvetu.<\/p>\n<p>Ak ste si k\u00fapili laborat\u00f3rne sk\u00fa\u0161an\u00e9 konope, m\u00f4\u017eete vidie\u0165, \u017ee najbohat\u0161\u00edm kanabinoidom je bu\u010f THC, alebo THCA, pri\u010dom oba sa m\u00f4\u017eu pohybova\u0165 v rozmedz\u00ed 10-20%. Zatia\u013e \u010do THCA je presnej\u0161\u00ed n\u00e1zov pre kvet, ktor\u00fd nebol dekarboxylovan\u00fd, v podstate znamenaj\u00fa nie\u010do ve\u013emi podobn\u00e9 pri pr\u00edle\u017eitosti, \u017ee akceptujete o\u010dak\u00e1vania kupuj\u00faceho na faj\u010denie, dezintegr\u00e1ciu alebo zahrievanie polo\u017eky tak \u010di onak.<\/p>\n<p>\"Drah\u00e9 kamene\" alebo drahokamy THCA sa v priebehu posledn\u00fdch rokov pohybuj\u00fa u klientov s konopn\u00fdm koncentr\u00e1tom. E\u0161te predned\u00e1vnom bola izolovan\u00e1 THCA nepolapite\u013en\u00e1. V s\u00fa\u010dasnosti ich m\u00f4\u017eete objavi\u0165 oddelen\u00e9 alebo o to v\u0161eobecnej\u0161ie zaliate terp\u00e9nmi v n\u00e1dob\u00e1ch s n\u00e1zvom \"om\u00e1\u010dka\". Prejdeme si v\u0161etko, \u010do potrebujete, aby ste si mysleli o THCA v skle.<\/p>\n<p>THCA predstavuje tetrahydrokanabinolov\u00fa \u017eieravinu. Surov\u00e9 a \u017eiv\u00e9 kanabis m\u00e1 najv\u00e4\u010d\u0161ie zoskupenia. THCA sa postupne premie\u0148a na THC, ke\u010f rastlina schne. Zahrievanie kanabisu zr\u00fdch\u013euje cyklus.<\/p>\n<p>THCA je nepsychoakt\u00edvny predchodca THC, \u010do znamen\u00e1, \u017ee v\u00e1s nezv\u00fd\u0161i. To je vysvetlenie, pre\u010do by sa konope malo pred pou\u017eit\u00edm v jedl\u00e1ch dekarboxylova\u0165 v spor\u00e1ku. Tento cyklus zaru\u010duje, \u017ee sa v\u0161etka THCA premen\u00ed na THC, aby ste sa mohli stretn\u00fa\u0165 s pln\u00fdmi psychoakt\u00edvnymi \u00fa\u010dinkami.<\/p>\n<p>THCA je nepsychoakt\u00edvny predchodca THC, \u010do znamen\u00e1, \u017ee v\u00e1s nezv\u00fd\u0161i. To je vysvetlenie, pre\u010do by sa konope malo pred pou\u017eit\u00edm v jedl\u00e1ch dekarboxylova\u0165 v spor\u00e1ku. Tento cyklus zaru\u010duje, \u017ee sa v\u0161etka THCA premen\u00ed na THC, aby ste sa mohli stretn\u00fa\u0165 s pln\u00fdmi psychoakt\u00edvnymi \u00fa\u010dinkami.<\/p>\n<p>Surov\u00e9 konope je zn\u00e1ma superpotravina. Lisovanie kanabisu m\u00f4\u017ee poskytn\u00fa\u0165 v\u00fdznamnej\u0161ie hladiny THCA. Konzum\u00e1cia zv\u00fd\u0161en\u00fdch hlad\u00edn THCA m\u00f4\u017ee pom\u00f4c\u0165 kompenzova\u0165 nedostatok endokanabinoidov bez toho, aby ste ho dostali vysoko. Endokanabinoidn\u00e1 nedostato\u010dnos\u0165 je zodpovedn\u00e1 za nieko\u013eko ochromuj\u00facich ochoren\u00ed.<\/p>\n<p>buy thca online, thca crystalline for sale, thca crystalline for sale online, thc crystals for sale, thca for sale, Niektor\u00ed jedinci, ktor\u00ed s\u00fa citliv\u00ed na THC, nem\u00f4\u017eu po\u017e\u00edva\u0165 dostatok kanabinoidu, aby zmiernili svoje prejavy. Na\u0161\u0165astie m\u00f4\u017eu aj teraz objavi\u0165 rovnocenn\u00fa alebo v\u00fdraznej\u0161iu pomoc z konzum\u00e1cie surov\u00e9ho konope.<\/p>\n<p>Dr. William Courtney, doktor medic\u00edny z Willits v Kalifornii, presadzuje v\u00fdhody stl\u00e1\u010dania tr\u00e1vy u\u017e takmer 10 rokov. Nov\u00e9 rastliny maj\u00fa najviac zv\u00fd\u0161en\u00fd obsah THCA. Tak\u017ee okrem toho, \u017ee si uvedomujete, ako sa vyv\u00edja tr\u00e1va, alebo niekto, kto to rob\u00ed, ste v ide\u00e1lnej situ\u00e1cii, ke\u010f objav\u00edte priesvitn\u00fa THCA.<\/p>\n<pre><strong>K\u00fapi\u0165 kry\u0161t\u00e1ly THCA \u2013 horn\u00e1 polica \u2013 k\u00fapi\u0165 THCA, k\u00fapi\u0165 kry\u0161t\u00e1ly THCA, k\u00fapi\u0165 kry\u0161t\u00e1ly THCA online, Kde k\u00fapi\u0165 kry\u0161t\u00e1ly THCA, kry\u0161t\u00e1ly THCA na predaj, kry\u0161t\u00e1ly na predaj, k\u00fapi\u0165 THCA online, kde k\u00fapi\u0165 kry\u0161t\u00e1ly THCA online, kry\u0161t\u00e1ly THCA na predaj v usa, USA, Kanada, uk, n\u00e1kup, online, dod\u00e1vatelia, bezpe\u010dn\u00e9 doru\u010denie, st\u00e1le m\u00f4\u017eete z\u00edska\u0165 kry\u0161t\u00e1ly THCA, s\u00fa kry\u0161t\u00e1ly THCA leg\u00e1lne v USA, k\u00fapi\u0165 kry\u0161t\u00e1ly THCA online usa, ako objedna\u0165 kry\u0161t\u00e1ly THCA, s\u00fa kry\u0161t\u00e1ly THCA leg\u00e1lne v Kanade<\/strong><\/pre>","protected":false},"excerpt":{"rendered":"<ul>\n<li>Celosvetov\u00e1 preprava<\/li>\n<li><strong>Koncentr\u00e1t zlo\u017een\u00fd z 97-99% THC<\/strong><\/li>\n<li><strong>99% \u010dist\u00e9 THC-A<\/strong><\/li>\n<li><strong>Kontaktuj n\u00e1s<\/strong> pre v\u00e4\u010d\u0161ie objedn\u00e1vky<\/li>\n<\/ul>","protected":false},"featured_media":9969,"comment_status":"open","ping_status":"closed","template":"","meta":{"_bst_post_transparent":"","_bst_post_title":"","_bst_post_layout":"","_bst_post_sidebar_id":"","_bst_post_content_style":"","_bst_post_vertical_padding":"","_bst_post_feature":"","_bst_post_feature_position":"","_bst_post_header":false,"_bst_post_footer":false},"product_brand":[],"product_cat":[78],"product_tag":[812,799,810,813,807,806,808,811,809,801,805,804,802,803,814,800],"product_brands":[],"class_list":{"0":"post-9951","1":"product","2":"type-product","3":"status-publish","4":"has-post-thumbnail","6":"product_cat-shatter","7":"product_tag-99-9-thc-crystal","8":"product_tag-buy-thca-crystalline-online","9":"product_tag-buy-thca-online","10":"product_tag-crystal-thc-drug","11":"product_tag-how-to-make-thc-crystals","12":"product_tag-how-to-make-thca-crystalline","13":"product_tag-live-crystals-thc","14":"product_tag-marijuana-crystals","15":"product_tag-thc-crystalline-farming","16":"product_tag-thc-crystalline-price","17":"product_tag-thca-crystalline-uses","18":"product_tag-thca-crystals-for-sale","19":"product_tag-thca-crystals-how-to-smoke","20":"product_tag-thca-crystals-price","21":"product_tag-thca-isolate-for-sale","22":"product_tag-where-to-buy-natural-crystals","24":"first","25":"instock","26":"shipping-taxable","27":"purchasable","28":"product-type-variable","29":"has-default-attributes","30":"entry","31":"content-bg","32":"loop-entry"},"tiered_pricing_type":"fixed","tiered_pricing_fixed_rules":[],"tiered_pricing_percentage_rules":[],"tiered_pricing_minimum":1,"_administrator_tiered_pricing_type":"fixed","_administrator_tiered_pricing_fixed_rules":[],"_editor_tiered_pricing_type":"fixed","_editor_tiered_pricing_fixed_rules":[],"_author_tiered_pricing_type":"fixed","_author_tiered_pricing_fixed_rules":[],"_contributor_tiered_pricing_type":"fixed","_contributor_tiered_pricing_fixed_rules":[],"_subscriber_tiered_pricing_type":"fixed","_subscriber_tiered_pricing_fixed_rules":[],"_customer_tiered_pricing_type":"fixed","_customer_tiered_pricing_fixed_rules":[],"_shop_manager_tiered_pricing_type":"fixed","_shop_manager_tiered_pricing_fixed_rules":[],"_wpseo_manager_tiered_pricing_type":"fixed","_wpseo_manager_tiered_pricing_fixed_rules":[],"_wpseo_editor_tiered_pricing_type":"fixed","_wpseo_editor_tiered_pricing_fixed_rules":[],"yoast_head":"<!-- This site is optimized with the Yoast SEO plugin v27.2 - https:\/\/yoast.com\/product\/yoast-seo-wordpress\/ -->\n<title>Buy THCA Crystals- Top Shelf - Cheap price, top quality<\/title>\n<meta name=\"description\" content=\"Buy THCA Crystals Online at an affordable price at stonersmeds. Our hash has high THC, best quality you will find\" \/>\n<meta name=\"robots\" content=\"index, follow, max-snippet:-1, max-image-preview:large, max-video-preview:-1\" \/>\n<link rel=\"canonical\" href=\"https:\/\/stonersmeds.com\/sk\/shop\/buy-thca-crystals-top-shelf-2\/\" \/>\n<meta property=\"og:locale\" content=\"sk_SK\" \/>\n<meta property=\"og:type\" content=\"article\" \/>\n<meta property=\"og:title\" content=\"Buy THCA Crystals- Top Shelf - Cheap price, top quality\" \/>\n<meta property=\"og:description\" content=\"Buy THCA Crystals Online at an affordable price at stonersmeds. Our hash has high THC, best quality you will find\" \/>\n<meta property=\"og:url\" content=\"https:\/\/stonersmeds.com\/sk\/shop\/buy-thca-crystals-top-shelf-2\/\" \/>\n<meta property=\"og:site_name\" content=\"stonersmeds.com\" \/>\n<meta property=\"article:modified_time\" content=\"2026-03-01T21:40:44+00:00\" \/>\n<meta property=\"og:image\" content=\"https:\/\/stonersmeds.com\/wp-content\/uploads\/2022\/03\/Buy-THCA-Crystals-Top-Shelf-1.jpg\" \/>\n\t<meta property=\"og:image:width\" content=\"600\" \/>\n\t<meta property=\"og:image:height\" content=\"600\" \/>\n\t<meta property=\"og:image:type\" content=\"image\/jpeg\" \/>\n<meta name=\"twitter:card\" content=\"summary_large_image\" \/>\n<meta name=\"twitter:label1\" content=\"Dostupnos\u0165\" \/>\n\t<meta name=\"twitter:data1\" content=\"Na sklade\" \/>\n<script type=\"application\/ld+json\" class=\"yoast-schema-graph\">{\"@context\":\"https:\/\/schema.org\",\"@graph\":[{\"@type\":\"WebPage\",\"@id\":\"https:\/\/stonersmeds.com\/fr\/shop\/buy-thca-crystals-top-shelf-2\/\",\"url\":\"https:\/\/stonersmeds.com\/fr\/shop\/buy-thca-crystals-top-shelf-2\/\",\"name\":\"Buy THCA Crystals- Top Shelf - Cheap price, top quality\",\"isPartOf\":{\"@id\":\"https:\/\/stonersmeds.com\/#website\"},\"primaryImageOfPage\":{\"@id\":\"https:\/\/stonersmeds.com\/fr\/shop\/buy-thca-crystals-top-shelf-2\/#primaryimage\"},\"image\":{\"@id\":\"https:\/\/stonersmeds.com\/fr\/shop\/buy-thca-crystals-top-shelf-2\/#primaryimage\"},\"thumbnailUrl\":\"https:\/\/stonersmeds.com\/wp-content\/uploads\/2022\/03\/Buy-THCA-Crystals-Top-Shelf-1.jpg\",\"datePublished\":\"2022-03-12T03:46:31+00:00\",\"dateModified\":\"2026-03-01T21:40:44+00:00\",\"description\":\"Buy THCA Crystals Online at an affordable price at stonersmeds. Our hash has high THC, best quality you will find\",\"breadcrumb\":{\"@id\":\"https:\/\/stonersmeds.com\/fr\/shop\/buy-thca-crystals-top-shelf-2\/#breadcrumb\"},\"inLanguage\":\"sk-SK\",\"potentialAction\":[{\"@type\":\"ReadAction\",\"target\":[\"https:\/\/stonersmeds.com\/fr\/shop\/buy-thca-crystals-top-shelf-2\/\"]}]},{\"@type\":\"ImageObject\",\"inLanguage\":\"sk-SK\",\"@id\":\"https:\/\/stonersmeds.com\/fr\/shop\/buy-thca-crystals-top-shelf-2\/#primaryimage\",\"url\":\"https:\/\/stonersmeds.com\/wp-content\/uploads\/2022\/03\/Buy-THCA-Crystals-Top-Shelf-1.jpg\",\"contentUrl\":\"https:\/\/stonersmeds.com\/wp-content\/uploads\/2022\/03\/Buy-THCA-Crystals-Top-Shelf-1.jpg\",\"width\":600,\"height\":600},{\"@type\":\"BreadcrumbList\",\"@id\":\"https:\/\/stonersmeds.com\/fr\/shop\/buy-thca-crystals-top-shelf-2\/#breadcrumb\",\"itemListElement\":[{\"@type\":\"ListItem\",\"position\":1,\"name\":\"Home\",\"item\":\"https:\/\/stonersmeds.com\/\"},{\"@type\":\"ListItem\",\"position\":2,\"name\":\"Shop\",\"item\":\"https:\/\/stonersmeds.com\/shop\/\"},{\"@type\":\"ListItem\",\"position\":3,\"name\":\"Buy THCA Crystals- Top Shelf\"}]},{\"@type\":\"WebSite\",\"@id\":\"https:\/\/stonersmeds.com\/#website\",\"url\":\"https:\/\/stonersmeds.com\/\",\"name\":\"stonersmeds.com\",\"description\":\"verschreibungspflichtige Medizin kaufen\",\"publisher\":{\"@id\":\"https:\/\/stonersmeds.com\/#organization\"},\"alternateName\":\"Research chemical shop\",\"potentialAction\":[{\"@type\":\"SearchAction\",\"target\":{\"@type\":\"EntryPoint\",\"urlTemplate\":\"https:\/\/stonersmeds.com\/?s={search_term_string}\"},\"query-input\":{\"@type\":\"PropertyValueSpecification\",\"valueRequired\":true,\"valueName\":\"search_term_string\"}}],\"inLanguage\":\"sk-SK\"},{\"@type\":\"Organization\",\"@id\":\"https:\/\/stonersmeds.com\/#organization\",\"name\":\"Stonersmeds Shop\",\"url\":\"https:\/\/stonersmeds.com\/\",\"logo\":{\"@type\":\"ImageObject\",\"inLanguage\":\"sk-SK\",\"@id\":\"https:\/\/stonersmeds.com\/#\/schema\/logo\/image\/\",\"url\":\"https:\/\/stonersmeds.com\/wp-content\/uploads\/2026\/02\/high-purity-DMT-powder.jpg\",\"contentUrl\":\"https:\/\/stonersmeds.com\/wp-content\/uploads\/2026\/02\/high-purity-DMT-powder.jpg\",\"width\":500,\"height\":500,\"caption\":\"Stonersmeds Shop\"},\"image\":{\"@id\":\"https:\/\/stonersmeds.com\/#\/schema\/logo\/image\/\"}}]}<\/script>\n<meta property=\"og:availability\" content=\"instock\" \/>\n<meta property=\"product:availability\" content=\"instock\" \/>\n<meta property=\"product:condition\" content=\"new\" \/>\n<!-- \/ Yoast SEO plugin. -->","yoast_head_json":{"title":"Buy THCA Crystals- Top Shelf - Cheap price, top quality","description":"Buy THCA Crystals Online at an affordable price at stonersmeds. Our hash has high THC, best quality you will find","robots":{"index":"index","follow":"follow","max-snippet":"max-snippet:-1","max-image-preview":"max-image-preview:large","max-video-preview":"max-video-preview:-1"},"canonical":"https:\/\/stonersmeds.com\/sk\/shop\/buy-thca-crystals-top-shelf-2\/","og_locale":"sk_SK","og_type":"article","og_title":"Buy THCA Crystals- Top Shelf - Cheap price, top quality","og_description":"Buy THCA Crystals Online at an affordable price at stonersmeds. Our hash has high THC, best quality you will find","og_url":"https:\/\/stonersmeds.com\/sk\/shop\/buy-thca-crystals-top-shelf-2\/","og_site_name":"stonersmeds.com","article_modified_time":"2026-03-01T21:40:44+00:00","og_image":[{"width":600,"height":600,"url":"https:\/\/stonersmeds.com\/wp-content\/uploads\/2022\/03\/Buy-THCA-Crystals-Top-Shelf-1.jpg","type":"image\/jpeg"}],"twitter_card":"summary_large_image","twitter_misc":{"Dostupnos\u0165":"Na sklade"},"schema":{"@context":"https:\/\/schema.org","@graph":[{"@type":"WebPage","@id":"https:\/\/stonersmeds.com\/fr\/shop\/buy-thca-crystals-top-shelf-2\/","url":"https:\/\/stonersmeds.com\/fr\/shop\/buy-thca-crystals-top-shelf-2\/","name":"Buy THCA Crystals- Top Shelf - Cheap price, top quality","isPartOf":{"@id":"https:\/\/stonersmeds.com\/#website"},"primaryImageOfPage":{"@id":"https:\/\/stonersmeds.com\/fr\/shop\/buy-thca-crystals-top-shelf-2\/#primaryimage"},"image":{"@id":"https:\/\/stonersmeds.com\/fr\/shop\/buy-thca-crystals-top-shelf-2\/#primaryimage"},"thumbnailUrl":"https:\/\/stonersmeds.com\/wp-content\/uploads\/2022\/03\/Buy-THCA-Crystals-Top-Shelf-1.jpg","datePublished":"2022-03-12T03:46:31+00:00","dateModified":"2026-03-01T21:40:44+00:00","description":"Buy THCA Crystals Online at an affordable price at stonersmeds. Our hash has high THC, best quality you will find","breadcrumb":{"@id":"https:\/\/stonersmeds.com\/fr\/shop\/buy-thca-crystals-top-shelf-2\/#breadcrumb"},"inLanguage":"sk-SK","potentialAction":[{"@type":"ReadAction","target":["https:\/\/stonersmeds.com\/fr\/shop\/buy-thca-crystals-top-shelf-2\/"]}]},{"@type":"ImageObject","inLanguage":"sk-SK","@id":"https:\/\/stonersmeds.com\/fr\/shop\/buy-thca-crystals-top-shelf-2\/#primaryimage","url":"https:\/\/stonersmeds.com\/wp-content\/uploads\/2022\/03\/Buy-THCA-Crystals-Top-Shelf-1.jpg","contentUrl":"https:\/\/stonersmeds.com\/wp-content\/uploads\/2022\/03\/Buy-THCA-Crystals-Top-Shelf-1.jpg","width":600,"height":600},{"@type":"BreadcrumbList","@id":"https:\/\/stonersmeds.com\/fr\/shop\/buy-thca-crystals-top-shelf-2\/#breadcrumb","itemListElement":[{"@type":"ListItem","position":1,"name":"Home","item":"https:\/\/stonersmeds.com\/"},{"@type":"ListItem","position":2,"name":"Shop","item":"https:\/\/stonersmeds.com\/shop\/"},{"@type":"ListItem","position":3,"name":"Buy THCA Crystals- Top Shelf"}]},{"@type":"WebSite","@id":"https:\/\/stonersmeds.com\/#website","url":"https:\/\/stonersmeds.com\/","name":"stonersmeds.com","description":"verschreibungspflichtige Medizin kaufen","publisher":{"@id":"https:\/\/stonersmeds.com\/#organization"},"alternateName":"Research chemical shop","potentialAction":[{"@type":"SearchAction","target":{"@type":"EntryPoint","urlTemplate":"https:\/\/stonersmeds.com\/?s={search_term_string}"},"query-input":{"@type":"PropertyValueSpecification","valueRequired":true,"valueName":"search_term_string"}}],"inLanguage":"sk-SK"},{"@type":"Organization","@id":"https:\/\/stonersmeds.com\/#organization","name":"Stonersmeds Shop","url":"https:\/\/stonersmeds.com\/","logo":{"@type":"ImageObject","inLanguage":"sk-SK","@id":"https:\/\/stonersmeds.com\/#\/schema\/logo\/image\/","url":"https:\/\/stonersmeds.com\/wp-content\/uploads\/2026\/02\/high-purity-DMT-powder.jpg","contentUrl":"https:\/\/stonersmeds.com\/wp-content\/uploads\/2026\/02\/high-purity-DMT-powder.jpg","width":500,"height":500,"caption":"Stonersmeds Shop"},"image":{"@id":"https:\/\/stonersmeds.com\/#\/schema\/logo\/image\/"}}]},"og_availability":"instock","product_availability":"instock","product_condition":"new"},"_links":{"self":[{"href":"https:\/\/stonersmeds.com\/sk\/wp-json\/wp\/v2\/product\/9951","targetHints":{"allow":["GET"]}}],"collection":[{"href":"https:\/\/stonersmeds.com\/sk\/wp-json\/wp\/v2\/product"}],"about":[{"href":"https:\/\/stonersmeds.com\/sk\/wp-json\/wp\/v2\/types\/product"}],"replies":[{"embeddable":true,"href":"https:\/\/stonersmeds.com\/sk\/wp-json\/wp\/v2\/comments?post=9951"}],"version-history":[{"count":0,"href":"https:\/\/stonersmeds.com\/sk\/wp-json\/wp\/v2\/product\/9951\/revisions"}],"wp:featuredmedia":[{"embeddable":true,"href":"https:\/\/stonersmeds.com\/sk\/wp-json\/wp\/v2\/media\/9969"}],"wp:attachment":[{"href":"https:\/\/stonersmeds.com\/sk\/wp-json\/wp\/v2\/media?parent=9951"}],"wp:term":[{"taxonomy":"product_brand","embeddable":true,"href":"https:\/\/stonersmeds.com\/sk\/wp-json\/wp\/v2\/product_brand?post=9951"},{"taxonomy":"product_cat","embeddable":true,"href":"https:\/\/stonersmeds.com\/sk\/wp-json\/wp\/v2\/product_cat?post=9951"},{"taxonomy":"product_tag","embeddable":true,"href":"https:\/\/stonersmeds.com\/sk\/wp-json\/wp\/v2\/product_tag?post=9951"},{"taxonomy":"product_brands","embeddable":true,"href":"https:\/\/stonersmeds.com\/sk\/wp-json\/wp\/v2\/product_brands?post=9951"}],"curies":[{"name":"wp","href":"https:\/\/api.w.org\/{rel}","templated":true}]}}